{"id":110,"date":"2021-08-29T17:54:32","date_gmt":"2021-08-29T15:54:32","guid":{"rendered":"https:\/\/www.jambosurveys.com\/home\/"},"modified":"2025-05-13T20:36:53","modified_gmt":"2025-05-13T18:36:53","slug":"home","status":"publish","type":"page","link":"https:\/\/www.jambosurveys.com\/pl\/","title":{"rendered":"Home"},"content":{"rendered":"<p>[et_pb_section fb_built=&#8221;1&#8243; fullwidth=&#8221;on&#8221; _builder_version=&#8221;4.16&#8243; _module_preset=&#8221;default&#8221; global_colors_info=&#8221;{}&#8221;][et_pb_fullwidth_slider _builder_version=&#8221;4.27.4&#8243; _module_preset=&#8221;default&#8221; header_font=&#8221;|600|||||||&#8221; custom_button=&#8221;on&#8221; button_text_color=&#8221;#FFFFFF&#8221; button_bg_color=&#8221;#03605d&#8221; link_option_url_new_window=&#8221;on&#8221; hover_enabled=&#8221;0&#8243; global_colors_info=&#8221;{}&#8221; sticky_enabled=&#8221;0&#8243;][et_pb_slide heading=&#8221;Jambo Surveys&#8221; button_text=&#8221;DARMOWA REJESTRACJA&#8221; button_link=&#8221;https:\/\/panelist-v3.cint.com\/77053178-0c51-4040-b479-322ef24d4a6b\/auth\/signup\/&#8221; url_new_window=&#8221;on&#8221; _builder_version=&#8221;4.27.4&#8243; _module_preset=&#8221;default&#8221; header_level=&#8221;h1&#8243; header_font=&#8221;|600|||||||&#8221; header_text_color=&#8221;#FFFFFF&#8221; use_background_color_gradient=&#8221;on&#8221; background_image=&#8221;https:\/\/www.jambosurveys.com\/wp-content\/uploads\/2022\/04\/jambosurveys-header-2.jpg&#8221; background_enable_image=&#8221;on&#8221; background_layout=&#8221;light&#8221; link_option_url_new_window=&#8221;on&#8221; hover_enabled=&#8221;0&#8243; global_colors_info=&#8221;{}&#8221; sticky_transition=&#8221;on&#8221; sticky_enabled=&#8221;0&#8243;]<\/p>\n<h2><span style=\"color: #ffffff;\"><strong>Jambo. Welcome to the Jambo Surveys USA, your place with paid surveys. The easiest way to make money.<\/strong><\/span><\/h2>\n<p>[\/et_pb_slide][\/et_pb_fullwidth_slider][\/et_pb_section][et_pb_section fb_built=&#8221;1&#8243; _builder_version=&#8221;4.16&#8243; _module_preset=&#8221;default&#8221; min_height=&#8221;271px&#8221; custom_margin=&#8221;-81px|||||&#8221; custom_padding=&#8221;0px||44px|||&#8221; global_colors_info=&#8221;{}&#8221;][et_pb_row column_structure=&#8221;1_3,1_3,1_3&#8243; _builder_version=&#8221;4.16&#8243; _module_preset=&#8221;default&#8221; min_height=&#8221;168px&#8221; custom_margin=&#8221;|auto|28px|auto||&#8221; global_colors_info=&#8221;{}&#8221;][et_pb_column type=&#8221;1_3&#8243; _builder_version=&#8221;4.16&#8243; _module_preset=&#8221;default&#8221; global_colors_info=&#8221;{}&#8221;][et_pb_text _builder_version=&#8221;4.16&#8243; _module_preset=&#8221;default&#8221; global_colors_info=&#8221;{}&#8221;]<\/p>\n<h3><strong>Sign up for free<\/strong><\/h3>\n<p>JamboSurveys are always free. Just sign up and activate your account.<\/p>\n<p>[\/et_pb_text][\/et_pb_column][et_pb_column type=&#8221;1_3&#8243; _builder_version=&#8221;4.16&#8243; _module_preset=&#8221;default&#8221; global_colors_info=&#8221;{}&#8221;][et_pb_text _builder_version=&#8221;4.16&#8243; _module_preset=&#8221;default&#8221; global_colors_info=&#8221;{}&#8221;]<\/p>\n<h3><strong>Take paid surveys<\/strong><\/h3>\n<p>Check your mailbox and take online surveys on your PC or Mobile.<\/p>\n<p>[\/et_pb_text][\/et_pb_column][et_pb_column type=&#8221;1_3&#8243; _builder_version=&#8221;4.16&#8243; _module_preset=&#8221;default&#8221; global_colors_info=&#8221;{}&#8221;][et_pb_text _builder_version=&#8221;4.16&#8243; _module_preset=&#8221;default&#8221; global_colors_info=&#8221;{}&#8221;]<\/p>\n<h3><strong>Earn money<\/strong><\/h3>\n<p>Earn money on every survey you will take. You can get up to 5 USD for a single survey.<\/p>\n<p>[\/et_pb_text][\/et_pb_column][\/et_pb_row][\/et_pb_section][et_pb_section fb_built=&#8221;1&#8243; _builder_version=&#8221;4.16&#8243; _module_preset=&#8221;default&#8221; background_color=&#8221;#03605d&#8221; global_colors_info=&#8221;{}&#8221;][et_pb_row _builder_version=&#8221;4.16&#8243; _module_preset=&#8221;default&#8221; background_color=&#8221;#03605d&#8221; link_option_url_new_window=&#8221;on&#8221; global_colors_info=&#8221;{}&#8221;][et_pb_column type=&#8221;4_4&#8243; _builder_version=&#8221;4.16&#8243; _module_preset=&#8221;default&#8221; link_option_url_new_window=&#8221;on&#8221; global_colors_info=&#8221;{}&#8221;][et_pb_cta title=&#8221;Zarejestruj si\u0119 i zarabiaj&#8221; button_url=&#8221;https:\/\/panelist-v3.cint.com\/77053178-0c51-4040-b479-322ef24d4a6b\/auth\/signup\/&#8221; button_text=&#8221;REJESTRACJA&#8221; _builder_version=&#8221;4.27.4&#8243; _module_preset=&#8221;default&#8221; background_color=&#8221;#03605d&#8221; hover_enabled=&#8221;0&#8243; global_colors_info=&#8221;{}&#8221; sticky_enabled=&#8221;0&#8243;]<\/p>\n<p>JamboSurveys USA lets you make money on online paid surveys. Sign up for free and start making money with us.<\/p>\n<p>[\/et_pb_cta][\/et_pb_column][\/et_pb_row][\/et_pb_section][et_pb_section fb_built=&#8221;1&#8243; _builder_version=&#8221;4.16&#8243; _module_preset=&#8221;default&#8221; global_colors_info=&#8221;{}&#8221;][et_pb_row _builder_version=&#8221;4.16&#8243; _module_preset=&#8221;default&#8221; global_colors_info=&#8221;{}&#8221;][et_pb_column type=&#8221;4_4&#8243; _builder_version=&#8221;4.16&#8243; _module_preset=&#8221;default&#8221; global_colors_info=&#8221;{}&#8221;][et_pb_text _builder_version=&#8221;4.16&#8243; _module_preset=&#8221;default&#8221; global_colors_info=&#8221;{}&#8221;]<\/p>\n<p style=\"text-align: center;\"><strong>How it works<\/strong><\/p>\n<p style=\"text-align: center;\">Learn about JamboSurveys USA paid surveys. Find answers to frequently asked questions.<\/p>\n<p>[\/et_pb_text][\/et_pb_column][\/et_pb_row][et_pb_row column_structure=&#8221;1_2,1_2&#8243; _builder_version=&#8221;4.16&#8243; _module_preset=&#8221;default&#8221; global_colors_info=&#8221;{}&#8221;][et_pb_column type=&#8221;1_2&#8243; _builder_version=&#8221;4.16&#8243; _module_preset=&#8221;default&#8221; global_colors_info=&#8221;{}&#8221;][et_pb_text _builder_version=&#8221;4.16&#8243; _module_preset=&#8221;default&#8221; global_colors_info=&#8221;{}&#8221;]<\/p>\n<p><span style=\"color: #03605d;\"><strong>Jak mog\u0119 zacz\u0105\u0107?<\/strong><\/span><\/p>\n<p>To naprawd\u0119 proste. Po prostu zarejestruj si\u0119 i sprawd\u017a swoj\u0105 skrzynk\u0119 pocztow\u0105. Znajdziesz tam zaproszenia do ankiet.<\/p>\n<p>[\/et_pb_text][\/et_pb_column][et_pb_column type=&#8221;1_2&#8243; _builder_version=&#8221;4.16&#8243; _module_preset=&#8221;default&#8221; global_colors_info=&#8221;{}&#8221;][et_pb_text _builder_version=&#8221;4.16&#8243; _module_preset=&#8221;default&#8221; global_colors_info=&#8221;{}&#8221;]<\/p>\n<p><span style=\"color: #03605d;\"><strong>Czy musz\u0119 wype\u0142nia\u0107 ankiety?<\/strong><\/span><\/p>\n<p>Nie, nie ma obowi\u0105zku wype\u0142niania ankiet. Mo\u017cesz wybra\u0107, kt\u00f3re ankiety s\u0105 dla Ciebie interesuj\u0105ce, a kt\u00f3re nie.<\/p>\n<p>[\/et_pb_text][\/et_pb_column][\/et_pb_row][et_pb_row column_structure=&#8221;1_2,1_2&#8243; _builder_version=&#8221;4.16&#8243; _module_preset=&#8221;default&#8221; global_colors_info=&#8221;{}&#8221;][et_pb_column type=&#8221;1_2&#8243; _builder_version=&#8221;4.16&#8243; _module_preset=&#8221;default&#8221; global_colors_info=&#8221;{}&#8221;][et_pb_text _builder_version=&#8221;4.16&#8243; _module_preset=&#8221;default&#8221; global_colors_info=&#8221;{}&#8221;]<\/p>\n<p><span style=\"color: #03605d;\"><strong>Czy mog\u0119 zrezygnowa\u0107 z panelu?<\/strong><\/span><\/p>\n<p>Tak. Mo\u017cesz zrezygnowa\u0107 i anulowa\u0107 swoje konto w dowolnym momencie. Wystarczy si\u0119 zalogowa\u0107, przej\u015b\u0107 do swojego profilu i nacisn\u0105\u0107 przycisk <span style=\"text-decoration: underline;\">Zamknij konto<\/span>.<\/p>\n<p>[\/et_pb_text][\/et_pb_column][et_pb_column type=&#8221;1_2&#8243; _builder_version=&#8221;4.16&#8243; _module_preset=&#8221;default&#8221; global_colors_info=&#8221;{}&#8221;][et_pb_text _builder_version=&#8221;4.16&#8243; _module_preset=&#8221;default&#8221; global_colors_info=&#8221;{}&#8221;]<\/p>\n<p><span style=\"color: #03605d;\"><strong>How much can I earn on paid surveys?<\/strong><\/span><\/p>\n<p>Your income is directly connected with the number of surveys you are taking. You can make up to 5 USD for a single survey.<\/p>\n<p>[\/et_pb_text][\/et_pb_column][\/et_pb_row][et_pb_row column_structure=&#8221;1_2,1_2&#8243; _builder_version=&#8221;4.16&#8243; _module_preset=&#8221;default&#8221; global_colors_info=&#8221;{}&#8221;][et_pb_column type=&#8221;1_2&#8243; _builder_version=&#8221;4.16&#8243; _module_preset=&#8221;default&#8221; global_colors_info=&#8221;{}&#8221;][et_pb_text _builder_version=&#8221;4.16&#8243; _module_preset=&#8221;default&#8221; global_colors_info=&#8221;{}&#8221;]<\/p>\n<p><span style=\"color: #03605d;\"><strong>How can I withdraw my money?<\/strong><\/span><\/p>\n<p>As you will collect 15 USD you will be able to transfer your money to your PayPal account.<\/p>\n<p>[\/et_pb_text][\/et_pb_column][et_pb_column type=&#8221;1_2&#8243; _builder_version=&#8221;4.16&#8243; _module_preset=&#8221;default&#8221; global_colors_info=&#8221;{}&#8221;][et_pb_text _builder_version=&#8221;4.16&#8243; _module_preset=&#8221;default&#8221; global_colors_info=&#8221;{}&#8221;]<\/p>\n<p><span style=\"color: #03605d;\"><strong>Zapomnia\u0142em has\u0142a. Co powinienem zrobi\u0107?<\/strong><\/span><\/p>\n<p>Po prostu przejd\u017a do strony <span style=\"text-decoration: underline;\">Zaloguj si\u0119<\/span> i u\u017cyj przycisku <span style=\"text-decoration: underline;\">Nie pami\u0119tam has\u0142a<\/span>.<\/p>\n<p>[\/et_pb_text][\/et_pb_column][\/et_pb_row][et_pb_row column_structure=&#8221;1_2,1_2&#8243; _builder_version=&#8221;4.16&#8243; _module_preset=&#8221;default&#8221; global_colors_info=&#8221;{}&#8221;][et_pb_column type=&#8221;1_2&#8243; _builder_version=&#8221;4.16&#8243; _module_preset=&#8221;default&#8221; global_colors_info=&#8221;{}&#8221;][et_pb_text _builder_version=&#8221;4.16&#8243; _module_preset=&#8221;default&#8221; global_colors_info=&#8221;{}&#8221;]<\/p>\n<p><span style=\"color: #03605d;\"><strong>Czy musz\u0119 uzupe\u0142ni\u0107 profil panelisty?<\/strong><\/span><\/p>\n<p>Tak. To jest bardzo wa\u017cne. Tw\u00f3j profil pomo\u017ce nam wybra\u0107 dla Ciebie odpowiednie ankiety. Paneli\u015bci z aktualnymi i kompletnymi profilami otrzymuj\u0105 wi\u0119cej ankiet i cz\u0119\u015bciej kwalifikuj\u0105 si\u0119 do bada\u0144.<\/p>\n<p>[\/et_pb_text][\/et_pb_column][et_pb_column type=&#8221;1_2&#8243; _builder_version=&#8221;4.16&#8243; _module_preset=&#8221;default&#8221; global_colors_info=&#8221;{}&#8221;][et_pb_text _builder_version=&#8221;4.16&#8243; _module_preset=&#8221;default&#8221; global_colors_info=&#8221;{}&#8221;]<\/p>\n<p><span style=\"color: #03605d;\"><strong>Wi\u0119cej pyta\u0144<\/strong><\/span><\/p>\n<p>Je\u015bli masz wi\u0119cej pyta\u0144, skontaktuj si\u0119 z nami pod adresem <span style=\"text-decoration: underline;\">support@jambosurveys.com<\/span><\/p>\n<p>[\/et_pb_text][\/et_pb_column][\/et_pb_row][\/et_pb_section]<\/p>\n","protected":false},"excerpt":{"rendered":"<p>Jambo. Welcome to the Jambo Surveys USA, your place with paid surveys. The easiest way to make money.Sign up for free JamboSurveys are always free. Just sign up and activate your account.Take paid surveys Check your mailbox and take online surveys on your PC or Mobile.Earn money Earn money on every survey you will take. [&hellip;]<\/p>\n","protected":false},"author":1,"featured_media":29,"parent":0,"menu_order":0,"comment_status":"closed","ping_status":"closed","template":"","meta":{"_et_pb_use_builder":"on","_et_pb_old_content":"","_et_gb_content_width":"","footnotes":""},"class_list":["post-110","page","type-page","status-publish","has-post-thumbnail","hentry"],"yoast_head":"<!-- This site is optimized with the Yoast SEO plugin v27.5 - https:\/\/yoast.com\/product\/yoast-seo-wordpress\/ -->\n<title>JamboSurveys | P\u0142atne ankiety. Naj\u0142atwiejszy spos\u00f3b aby zarabia\u0107 pieni\u0105dze online.<\/title>\n<meta name=\"description\" content=\"JamboSurveys to panel ankiet online, w kt\u00f3rym mo\u017cesz wype\u0142nia\u0107 p\u0142atne ankiety i zarabia\u0107 pieni\u0105dze. Zarejestruj si\u0119 za darmo i zarabiaj.\" \/>\n<meta name=\"robots\" content=\"index, follow, max-snippet:-1, max-image-preview:large, max-video-preview:-1\" \/>\n<link rel=\"canonical\" href=\"https:\/\/www.jambosurveys.com\/pl\/\" \/>\n<meta property=\"og:locale\" content=\"pl_PL\" \/>\n<meta property=\"og:type\" content=\"article\" \/>\n<meta property=\"og:title\" content=\"JamboSurveys | P\u0142atne ankiety. Naj\u0142atwiejszy spos\u00f3b aby zarabia\u0107 pieni\u0105dze online.\" \/>\n<meta property=\"og:description\" content=\"JamboSurveys to panel ankiet online, w kt\u00f3rym mo\u017cesz wype\u0142nia\u0107 p\u0142atne ankiety i zarabia\u0107 pieni\u0105dze. Zarejestruj si\u0119 za darmo i zarabiaj.\" \/>\n<meta property=\"og:url\" content=\"https:\/\/www.jambosurveys.com\/pl\/\" \/>\n<meta property=\"og:site_name\" content=\"JamboSurveys\" \/>\n<meta property=\"article:publisher\" content=\"https:\/\/www.facebook.com\/jambosurveys\/\" \/>\n<meta property=\"article:modified_time\" content=\"2025-05-13T18:36:53+00:00\" \/>\n<meta property=\"og:image\" content=\"https:\/\/www.jambosurveys.com\/wp-content\/uploads\/2021\/08\/jambosurveys-header.jpg\" \/>\n\t<meta property=\"og:image:width\" content=\"2248\" \/>\n\t<meta property=\"og:image:height\" content=\"1291\" \/>\n\t<meta property=\"og:image:type\" content=\"image\/jpeg\" \/>\n<meta name=\"twitter:card\" content=\"summary_large_image\" \/>\n<script type=\"application\/ld+json\" class=\"yoast-schema-graph\">{\"@context\":\"https:\\\/\\\/schema.org\",\"@graph\":[{\"@type\":\"WebPage\",\"@id\":\"https:\\\/\\\/www.jambosurveys.com\\\/pl\\\/\",\"url\":\"https:\\\/\\\/www.jambosurveys.com\\\/pl\\\/\",\"name\":\"JamboSurveys | P\u0142atne ankiety. Naj\u0142atwiejszy spos\u00f3b aby zarabia\u0107 pieni\u0105dze online.\",\"isPartOf\":{\"@id\":\"https:\\\/\\\/www.jambosurveys.com\\\/pl\\\/#website\"},\"primaryImageOfPage\":{\"@id\":\"https:\\\/\\\/www.jambosurveys.com\\\/pl\\\/#primaryimage\"},\"image\":{\"@id\":\"https:\\\/\\\/www.jambosurveys.com\\\/pl\\\/#primaryimage\"},\"thumbnailUrl\":\"https:\\\/\\\/www.jambosurveys.com\\\/wp-content\\\/uploads\\\/2021\\\/08\\\/jambosurveys-header.jpg\",\"datePublished\":\"2021-08-29T15:54:32+00:00\",\"dateModified\":\"2025-05-13T18:36:53+00:00\",\"description\":\"JamboSurveys to panel ankiet online, w kt\u00f3rym mo\u017cesz wype\u0142nia\u0107 p\u0142atne ankiety i zarabia\u0107 pieni\u0105dze. Zarejestruj si\u0119 za darmo i zarabiaj.\",\"breadcrumb\":{\"@id\":\"https:\\\/\\\/www.jambosurveys.com\\\/pl\\\/#breadcrumb\"},\"inLanguage\":\"pl-PL\",\"potentialAction\":[{\"@type\":\"ReadAction\",\"target\":[\"https:\\\/\\\/www.jambosurveys.com\\\/pl\\\/\"]}]},{\"@type\":\"ImageObject\",\"inLanguage\":\"pl-PL\",\"@id\":\"https:\\\/\\\/www.jambosurveys.com\\\/pl\\\/#primaryimage\",\"url\":\"https:\\\/\\\/www.jambosurveys.com\\\/wp-content\\\/uploads\\\/2021\\\/08\\\/jambosurveys-header.jpg\",\"contentUrl\":\"https:\\\/\\\/www.jambosurveys.com\\\/wp-content\\\/uploads\\\/2021\\\/08\\\/jambosurveys-header.jpg\",\"width\":2248,\"height\":1291,\"caption\":\"Paid surveys\"},{\"@type\":\"BreadcrumbList\",\"@id\":\"https:\\\/\\\/www.jambosurveys.com\\\/pl\\\/#breadcrumb\",\"itemListElement\":[{\"@type\":\"ListItem\",\"position\":1,\"name\":\"Home\",\"item\":\"https:\\\/\\\/www.jambosurveys.com\\\/pl\\\/\"},{\"@type\":\"ListItem\",\"position\":2,\"name\":\"Home\"}]},{\"@type\":\"WebSite\",\"@id\":\"https:\\\/\\\/www.jambosurveys.com\\\/pl\\\/#website\",\"url\":\"https:\\\/\\\/www.jambosurveys.com\\\/pl\\\/\",\"name\":\"JamboSurveys\",\"description\":\"Paid surveys\",\"publisher\":{\"@id\":\"https:\\\/\\\/www.jambosurveys.com\\\/pl\\\/#organization\"},\"potentialAction\":[{\"@type\":\"SearchAction\",\"target\":{\"@type\":\"EntryPoint\",\"urlTemplate\":\"https:\\\/\\\/www.jambosurveys.com\\\/pl\\\/?s={search_term_string}\"},\"query-input\":{\"@type\":\"PropertyValueSpecification\",\"valueRequired\":true,\"valueName\":\"search_term_string\"}}],\"inLanguage\":\"pl-PL\"},{\"@type\":\"Organization\",\"@id\":\"https:\\\/\\\/www.jambosurveys.com\\\/pl\\\/#organization\",\"name\":\"JamboSurveys\",\"url\":\"https:\\\/\\\/www.jambosurveys.com\\\/pl\\\/\",\"logo\":{\"@type\":\"ImageObject\",\"inLanguage\":\"pl-PL\",\"@id\":\"https:\\\/\\\/www.jambosurveys.com\\\/pl\\\/#\\\/schema\\\/logo\\\/image\\\/\",\"url\":\"https:\\\/\\\/www.jambosurveys.com\\\/wp-content\\\/uploads\\\/2023\\\/02\\\/jambosurveys_logo_box.png\",\"contentUrl\":\"https:\\\/\\\/www.jambosurveys.com\\\/wp-content\\\/uploads\\\/2023\\\/02\\\/jambosurveys_logo_box.png\",\"width\":105,\"height\":105,\"caption\":\"JamboSurveys\"},\"image\":{\"@id\":\"https:\\\/\\\/www.jambosurveys.com\\\/pl\\\/#\\\/schema\\\/logo\\\/image\\\/\"},\"sameAs\":[\"https:\\\/\\\/www.facebook.com\\\/jambosurveys\\\/\"]}]}<\/script>\n<!-- \/ Yoast SEO plugin. -->","yoast_head_json":{"title":"JamboSurveys | P\u0142atne ankiety. Naj\u0142atwiejszy spos\u00f3b aby zarabia\u0107 pieni\u0105dze online.","description":"JamboSurveys to panel ankiet online, w kt\u00f3rym mo\u017cesz wype\u0142nia\u0107 p\u0142atne ankiety i zarabia\u0107 pieni\u0105dze. Zarejestruj si\u0119 za darmo i zarabiaj.","robots":{"index":"index","follow":"follow","max-snippet":"max-snippet:-1","max-image-preview":"max-image-preview:large","max-video-preview":"max-video-preview:-1"},"canonical":"https:\/\/www.jambosurveys.com\/pl\/","og_locale":"pl_PL","og_type":"article","og_title":"JamboSurveys | P\u0142atne ankiety. Naj\u0142atwiejszy spos\u00f3b aby zarabia\u0107 pieni\u0105dze online.","og_description":"JamboSurveys to panel ankiet online, w kt\u00f3rym mo\u017cesz wype\u0142nia\u0107 p\u0142atne ankiety i zarabia\u0107 pieni\u0105dze. Zarejestruj si\u0119 za darmo i zarabiaj.","og_url":"https:\/\/www.jambosurveys.com\/pl\/","og_site_name":"JamboSurveys","article_publisher":"https:\/\/www.facebook.com\/jambosurveys\/","article_modified_time":"2025-05-13T18:36:53+00:00","og_image":[{"width":2248,"height":1291,"url":"https:\/\/www.jambosurveys.com\/wp-content\/uploads\/2021\/08\/jambosurveys-header.jpg","type":"image\/jpeg"}],"twitter_card":"summary_large_image","schema":{"@context":"https:\/\/schema.org","@graph":[{"@type":"WebPage","@id":"https:\/\/www.jambosurveys.com\/pl\/","url":"https:\/\/www.jambosurveys.com\/pl\/","name":"JamboSurveys | P\u0142atne ankiety. Naj\u0142atwiejszy spos\u00f3b aby zarabia\u0107 pieni\u0105dze online.","isPartOf":{"@id":"https:\/\/www.jambosurveys.com\/pl\/#website"},"primaryImageOfPage":{"@id":"https:\/\/www.jambosurveys.com\/pl\/#primaryimage"},"image":{"@id":"https:\/\/www.jambosurveys.com\/pl\/#primaryimage"},"thumbnailUrl":"https:\/\/www.jambosurveys.com\/wp-content\/uploads\/2021\/08\/jambosurveys-header.jpg","datePublished":"2021-08-29T15:54:32+00:00","dateModified":"2025-05-13T18:36:53+00:00","description":"JamboSurveys to panel ankiet online, w kt\u00f3rym mo\u017cesz wype\u0142nia\u0107 p\u0142atne ankiety i zarabia\u0107 pieni\u0105dze. Zarejestruj si\u0119 za darmo i zarabiaj.","breadcrumb":{"@id":"https:\/\/www.jambosurveys.com\/pl\/#breadcrumb"},"inLanguage":"pl-PL","potentialAction":[{"@type":"ReadAction","target":["https:\/\/www.jambosurveys.com\/pl\/"]}]},{"@type":"ImageObject","inLanguage":"pl-PL","@id":"https:\/\/www.jambosurveys.com\/pl\/#primaryimage","url":"https:\/\/www.jambosurveys.com\/wp-content\/uploads\/2021\/08\/jambosurveys-header.jpg","contentUrl":"https:\/\/www.jambosurveys.com\/wp-content\/uploads\/2021\/08\/jambosurveys-header.jpg","width":2248,"height":1291,"caption":"Paid surveys"},{"@type":"BreadcrumbList","@id":"https:\/\/www.jambosurveys.com\/pl\/#breadcrumb","itemListElement":[{"@type":"ListItem","position":1,"name":"Home","item":"https:\/\/www.jambosurveys.com\/pl\/"},{"@type":"ListItem","position":2,"name":"Home"}]},{"@type":"WebSite","@id":"https:\/\/www.jambosurveys.com\/pl\/#website","url":"https:\/\/www.jambosurveys.com\/pl\/","name":"JamboSurveys","description":"Paid surveys","publisher":{"@id":"https:\/\/www.jambosurveys.com\/pl\/#organization"},"potentialAction":[{"@type":"SearchAction","target":{"@type":"EntryPoint","urlTemplate":"https:\/\/www.jambosurveys.com\/pl\/?s={search_term_string}"},"query-input":{"@type":"PropertyValueSpecification","valueRequired":true,"valueName":"search_term_string"}}],"inLanguage":"pl-PL"},{"@type":"Organization","@id":"https:\/\/www.jambosurveys.com\/pl\/#organization","name":"JamboSurveys","url":"https:\/\/www.jambosurveys.com\/pl\/","logo":{"@type":"ImageObject","inLanguage":"pl-PL","@id":"https:\/\/www.jambosurveys.com\/pl\/#\/schema\/logo\/image\/","url":"https:\/\/www.jambosurveys.com\/wp-content\/uploads\/2023\/02\/jambosurveys_logo_box.png","contentUrl":"https:\/\/www.jambosurveys.com\/wp-content\/uploads\/2023\/02\/jambosurveys_logo_box.png","width":105,"height":105,"caption":"JamboSurveys"},"image":{"@id":"https:\/\/www.jambosurveys.com\/pl\/#\/schema\/logo\/image\/"},"sameAs":["https:\/\/www.facebook.com\/jambosurveys\/"]}]}},"_links":{"self":[{"href":"https:\/\/www.jambosurveys.com\/pl\/wp-json\/wp\/v2\/pages\/110","targetHints":{"allow":["GET"]}}],"collection":[{"href":"https:\/\/www.jambosurveys.com\/pl\/wp-json\/wp\/v2\/pages"}],"about":[{"href":"https:\/\/www.jambosurveys.com\/pl\/wp-json\/wp\/v2\/types\/page"}],"author":[{"embeddable":true,"href":"https:\/\/www.jambosurveys.com\/pl\/wp-json\/wp\/v2\/users\/1"}],"replies":[{"embeddable":true,"href":"https:\/\/www.jambosurveys.com\/pl\/wp-json\/wp\/v2\/comments?post=110"}],"version-history":[{"count":3,"href":"https:\/\/www.jambosurveys.com\/pl\/wp-json\/wp\/v2\/pages\/110\/revisions"}],"predecessor-version":[{"id":718,"href":"https:\/\/www.jambosurveys.com\/pl\/wp-json\/wp\/v2\/pages\/110\/revisions\/718"}],"wp:featuredmedia":[{"embeddable":true,"href":"https:\/\/www.jambosurveys.com\/pl\/wp-json\/wp\/v2\/media\/29"}],"wp:attachment":[{"href":"https:\/\/www.jambosurveys.com\/pl\/wp-json\/wp\/v2\/media?parent=110"}],"curies":[{"name":"wp","href":"https:\/\/api.w.org\/{rel}","templated":true}]}}