{"id":554,"date":"2024-09-18T13:36:46","date_gmt":"2024-09-18T11:36:46","guid":{"rendered":"https:\/\/www.jambosurveys.com\/dom\/"},"modified":"2024-09-18T16:13:54","modified_gmt":"2024-09-18T14:13:54","slug":"dom","status":"publish","type":"page","link":"https:\/\/www.jambosurveys.com\/bs\/","title":{"rendered":"Dom"},"content":{"rendered":"<p>[et_pb_section fb_built=&#8221;1&#8221; fullwidth=&#8221;on&#8221; _builder_version=&#8221;4.16&#8221; _module_preset=&#8221;default&#8221; global_colors_info=&#8221;{}&#8221;][et_pb_fullwidth_slider _builder_version=&#8221;4.16.0&#8221; _module_preset=&#8221;default&#8221; header_font=&#8221;|600|||||||&#8221; custom_button=&#8221;on&#8221; button_text_color=&#8221;#FFFFFF&#8221; button_bg_color=&#8221;#03605d&#8221; link_option_url_new_window=&#8221;on&#8221; global_colors_info=&#8221;{}&#8221;][et_pb_slide heading=&#8221;Jambo Surveys&#8221; button_text=&#8221;BESPLATNA PRIJAVA&#8221; button_link=&#8221;https:\/\/panelist-v2.cint.com\/77243ea3-e4e0-4159-a3fc-8ef43a1930c8\/auth\/signUp&#8221; url_new_window=&#8221;on&#8221; _builder_version=&#8221;4.16.0&#8221; _module_preset=&#8221;default&#8221; header_level=&#8221;h1&#8221; header_font=&#8221;|600|||||||&#8221; header_text_color=&#8221;#FFFFFF&#8221; use_background_color_gradient=&#8221;on&#8221; background_image=&#8221;https:\/\/www.jambosurveys.com\/wp-content\/uploads\/2022\/04\/jambosurveys-header-2.jpg&#8221; background_enable_image=&#8221;on&#8221; background_layout=&#8221;light&#8221; link_option_url_new_window=&#8221;on&#8221; global_colors_info=&#8221;{}&#8221; sticky_transition=&#8221;on&#8221;]<\/p>\n<h2><span style=\"color: #ffffff;\"><strong>Jambo. Dobrodo\u0161li u Jambo Surveys, va\u0161e mjesto sa pla\u0107enim anketama. Najlak\u0161i na\u010din da zaradite novac.  <\/strong><\/span><\/h2>\n<p>[\/et_pb_slide][\/et_pb_fullwidth_slider][\/et_pb_section][et_pb_section fb_built=&#8221;1&#8221; _builder_version=&#8221;4.16&#8221; _module_preset=&#8221;default&#8221; min_height=&#8221;271px&#8221; custom_margin=&#8221;-81px|||||&#8221; custom_padding=&#8221;0px||44px|||&#8221; global_colors_info=&#8221;{}&#8221;][et_pb_row column_structure=&#8221;1_3,1_3,1_3&#8221; _builder_version=&#8221;4.16&#8221; _module_preset=&#8221;default&#8221; min_height=&#8221;168px&#8221; custom_margin=&#8221;|auto|28px|auto||&#8221; global_colors_info=&#8221;{}&#8221;][et_pb_column type=&#8221;1_3&#8221; _builder_version=&#8221;4.16&#8221; _module_preset=&#8221;default&#8221; global_colors_info=&#8221;{}&#8221;][et_pb_text _builder_version=&#8221;4.16&#8221; _module_preset=&#8221;default&#8221; global_colors_info=&#8221;{}&#8221;]<\/p>\n<h3><strong>Prijavite se besplatno<\/strong><\/h3>\n<p>JamboSurveys je uvijek besplatan. Samo se prijavite i aktivirajte svoj ra\u010dun. <\/p>\n<p>[\/et_pb_text][\/et_pb_column][et_pb_column type=&#8221;1_3&#8221; _builder_version=&#8221;4.16&#8221; _module_preset=&#8221;default&#8221; global_colors_info=&#8221;{}&#8221;][et_pb_text _builder_version=&#8221;4.16&#8221; _module_preset=&#8221;default&#8221; global_colors_info=&#8221;{}&#8221;]<\/p>\n<h3><strong>Popunite pla\u0107ene ankete<\/strong><\/h3>\n<p>Provjerite svoje po\u0161tansko sandu\u010de i popunite online ankete na ra\u010dunaru ili mobilnom ure\u0111aju.<\/p>\n<p>[\/et_pb_text][\/et_pb_column][et_pb_column type=&#8221;1_3&#8221; _builder_version=&#8221;4.16&#8221; _module_preset=&#8221;default&#8221; global_colors_info=&#8221;{}&#8221;][et_pb_text _builder_version=&#8221;4.16&#8221; _module_preset=&#8221;default&#8221; global_colors_info=&#8221;{}&#8221;]<\/p>\n<h3><strong>Zaradite novac<\/strong><\/h3>\n<p>Zaradite novac na svakoj anketi koju \u0107ete polagati. Mo\u017eete dobiti do 5 EUR za jednu anketu. <\/p>\n<p>[\/et_pb_text][\/et_pb_column][\/et_pb_row][\/et_pb_section][et_pb_section fb_built=&#8221;1&#8221; _builder_version=&#8221;4.16&#8221; _module_preset=&#8221;default&#8221; background_color=&#8221;#03605d&#8221; global_colors_info=&#8221;{}&#8221;][et_pb_row _builder_version=&#8221;4.16&#8221; _module_preset=&#8221;default&#8221; background_color=&#8221;#03605d&#8221; link_option_url_new_window=&#8221;on&#8221; global_colors_info=&#8221;{}&#8221;][et_pb_column type=&#8221;4_4&#8221; _builder_version=&#8221;4.16&#8221; _module_preset=&#8221;default&#8221; link_option_url_new_window=&#8221;on&#8221; global_colors_info=&#8221;{}&#8221;][et_pb_cta title=&#8221;Prijavite se i zaradite&#8221; button_url=&#8221;https:\/\/panelist-v2.cint.com\/77243ea3-e4e0-4159-a3fc-8ef43a1930c8\/auth\/signUp&#8221; button_text=&#8221;PRIJAVITE SE&#8221; _builder_version=&#8221;4.16&#8221; _module_preset=&#8221;default&#8221; background_color=&#8221;#03605d&#8221; global_colors_info=&#8221;{}&#8221;]<\/p>\n<p>JamboSurveys vam omogu\u0107ava da zaradite novac na pla\u0107enim online anketama. Prijavite se besplatno i po\u010dnite zara\u0111ivati s nama. <\/p>\n<p>[\/et_pb_cta][\/et_pb_column][\/et_pb_row][\/et_pb_section][et_pb_section fb_built=&#8221;1&#8221; _builder_version=&#8221;4.16&#8221; _module_preset=&#8221;default&#8221; global_colors_info=&#8221;{}&#8221;][et_pb_row _builder_version=&#8221;4.16&#8221; _module_preset=&#8221;default&#8221; global_colors_info=&#8221;{}&#8221;][et_pb_column type=&#8221;4_4&#8221; _builder_version=&#8221;4.16&#8221; _module_preset=&#8221;default&#8221; global_colors_info=&#8221;{}&#8221;][et_pb_text _builder_version=&#8221;4.16&#8221; _module_preset=&#8221;default&#8221; global_colors_info=&#8221;{}&#8221;]<\/p>\n<h3 style=\"text-align: center;\"><strong>Kako funkcioni\u0161u pla\u0107ene ankete<\/strong><\/h3>\n<p style=\"text-align: center;\">Saznajte vi\u0161e o pla\u0107enim anketama JamboSurveys. Prona\u0111ite odgovore na \u010desto postavljana pitanja. <\/p>\n<p>[\/et_pb_text][\/et_pb_column][\/et_pb_row][et_pb_row column_structure=&#8221;1_2,1_2&#8221; _builder_version=&#8221;4.16&#8221; _module_preset=&#8221;default&#8221; global_colors_info=&#8221;{}&#8221;][et_pb_column type=&#8221;1_2&#8221; _builder_version=&#8221;4.16&#8221; _module_preset=&#8221;default&#8221; global_colors_info=&#8221;{}&#8221;][et_pb_text _builder_version=&#8221;4.16&#8221; _module_preset=&#8221;default&#8221; global_colors_info=&#8221;{}&#8221;]<\/p>\n<p><span style=\"color: #03605d;\"><strong>Kako mogu po\u010deti?<\/strong><\/span><\/p>\n<p>Zaista je jednostavno. Samo se prijavite i provjerite svoje po\u0161tansko sandu\u010de. Tamo \u0107ete prona\u0107i pozive za anketiranje.  <\/p>\n<p>[\/et_pb_text][\/et_pb_column][et_pb_column type=&#8221;1_2&#8221; _builder_version=&#8221;4.16&#8221; _module_preset=&#8221;default&#8221; global_colors_info=&#8221;{}&#8221;][et_pb_text _builder_version=&#8221;4.16&#8221; _module_preset=&#8221;default&#8221; global_colors_info=&#8221;{}&#8221;]<\/p>\n<p><span style=\"color: #03605d;\"><strong>Trebam li polagati ankete?<\/strong><\/span><\/p>\n<p>Ne, ne postoji obaveza polaganja anketa. Mo\u017eete odabrati koje ankete su vam zanimljive, a koje nisu. <\/p>\n<p>[\/et_pb_text][\/et_pb_column][\/et_pb_row][et_pb_row column_structure=&#8221;1_2,1_2&#8221; _builder_version=&#8221;4.16&#8221; _module_preset=&#8221;default&#8221; global_colors_info=&#8221;{}&#8221;][et_pb_column type=&#8221;1_2&#8221; _builder_version=&#8221;4.16&#8221; _module_preset=&#8221;default&#8221; global_colors_info=&#8221;{}&#8221;][et_pb_text _builder_version=&#8221;4.16&#8221; _module_preset=&#8221;default&#8221; global_colors_info=&#8221;{}&#8221;]<\/p>\n<p><span style=\"color: #03605d;\"><strong>Mogu li se isklju\u010diti iz panela?<\/strong><\/span><\/p>\n<p>Da. Mo\u017eete isklju\u010diti i otkazati svoj ra\u010dun u bilo kojem trenutku. Samo se prijavite, idite na svoj profil i pritisnite dugme <span style=\"text-decoration: underline;\">Zatvori<\/span> nalog.  <\/p>\n<p>[\/et_pb_text][\/et_pb_column][et_pb_column type=&#8221;1_2&#8221; _builder_version=&#8221;4.16&#8221; _module_preset=&#8221;default&#8221; global_colors_info=&#8221;{}&#8221;][et_pb_text _builder_version=&#8221;4.16&#8221; _module_preset=&#8221;default&#8221; global_colors_info=&#8221;{}&#8221;]<\/p>\n<p><span style=\"color: #03605d;\"><strong>Koliko mogu zaraditi na pla\u0107enim anketama?<\/strong><\/span><\/p>\n<p>Va\u0161 prihod je direktno povezan sa brojem anketa koje uzimate. Mo\u017eete zaraditi do 5 USD za jednu anketu. <\/p>\n<p>[\/et_pb_text][\/et_pb_column][\/et_pb_row][et_pb_row column_structure=&#8221;1_2,1_2&#8221; _builder_version=&#8221;4.16&#8221; _module_preset=&#8221;default&#8221; global_colors_info=&#8221;{}&#8221;][et_pb_column type=&#8221;1_2&#8221; _builder_version=&#8221;4.16&#8221; _module_preset=&#8221;default&#8221; global_colors_info=&#8221;{}&#8221;][et_pb_text _builder_version=&#8221;4.16&#8221; _module_preset=&#8221;default&#8221; global_colors_info=&#8221;{}&#8221;]<\/p>\n<p><span style=\"color: #03605d;\"><strong>Kako mogu podi\u0107i svoj novac?<\/strong><\/span><\/p>\n<p>Kako sakupite 15 EUR, mo\u0107i \u0107ete da prebacite svoj novac na svoj PayPal ra\u010dun.<\/p>\n<p>[\/et_pb_text][\/et_pb_column][et_pb_column type=&#8221;1_2&#8221; _builder_version=&#8221;4.16&#8221; _module_preset=&#8221;default&#8221; global_colors_info=&#8221;{}&#8221;][et_pb_text _builder_version=&#8221;4.16&#8221; _module_preset=&#8221;default&#8221; global_colors_info=&#8221;{}&#8221;]<\/p>\n<p><span style=\"color: #03605d;\"><strong>Zaboravio sam lozinku. \u0160ta da radim? <\/strong><\/span><\/p>\n<p>Samo idite na stranicu za <span style=\"text-decoration: underline;\">prijavu<\/span> i koristite dugme <span style=\"text-decoration: underline;\">Zaboravljena lozinka<\/span>.<\/p>\n<p>[\/et_pb_text][\/et_pb_column][\/et_pb_row][et_pb_row column_structure=&#8221;1_2,1_2&#8221; _builder_version=&#8221;4.16&#8221; _module_preset=&#8221;default&#8221; global_colors_info=&#8221;{}&#8221;][et_pb_column type=&#8221;1_2&#8221; _builder_version=&#8221;4.16&#8221; _module_preset=&#8221;default&#8221; global_colors_info=&#8221;{}&#8221;][et_pb_text _builder_version=&#8221;4.16&#8221; _module_preset=&#8221;default&#8221; global_colors_info=&#8221;{}&#8221;]<\/p>\n<p><span style=\"color: #03605d;\"><strong>Da li trebam popuniti profil paneliste?<\/strong><\/span><\/p>\n<p>Da. To je veoma va\u017eno. Va\u0161 profil nam poma\u017ee da odaberemo prave ankete za vas. Panelisti sa a\u017euriranim i potpunim profilima primaju vi\u0161e anketa i \u010de\u0161\u0107e se kvalifikuju za studije.   <\/p>\n<p>[\/et_pb_text][\/et_pb_column][et_pb_column type=&#8221;1_2&#8221; _builder_version=&#8221;4.16&#8221; _module_preset=&#8221;default&#8221; global_colors_info=&#8221;{}&#8221;][et_pb_text _builder_version=&#8221;4.16&#8221; _module_preset=&#8221;default&#8221; global_colors_info=&#8221;{}&#8221;]<\/p>\n<p><span style=\"color: #03605d;\"><strong>Jo\u0161 pitanja<\/strong><\/span><\/p>\n<p>Ako imate jo\u0161 pitanja, kontaktirajte nas na <span style=\"text-decoration: underline;\">support@jambosurveys.com<\/span><\/p>\n<p>[\/et_pb_text][\/et_pb_column][\/et_pb_row][\/et_pb_section]<\/p>\n","protected":false},"excerpt":{"rendered":"<p>Jambo. Dobrodo\u0161li u Jambo Surveys, va\u0161e mjesto sa pla\u0107enim anketama. Najlak\u0161i na\u010din da zaradite novac. Prijavite se besplatno JamboSurveys je uvijek besplatan. Samo se prijavite i aktivirajte svoj ra\u010dun. Popunite pla\u0107ene ankete Provjerite svoje po\u0161tansko sandu\u010de i popunite online ankete na ra\u010dunaru ili mobilnom ure\u0111aju.Zaradite novac Zaradite novac na svakoj anketi koju \u0107ete polagati. Mo\u017eete [&hellip;]<\/p>\n","protected":false},"author":1,"featured_media":555,"parent":0,"menu_order":0,"comment_status":"closed","ping_status":"closed","template":"","meta":{"_et_pb_use_builder":"on","_et_pb_old_content":"","_et_gb_content_width":"","footnotes":""},"class_list":["post-554","page","type-page","status-publish","has-post-thumbnail","hentry"],"yoast_head":"<!-- This site is optimized with the Yoast SEO plugin v27.5 - https:\/\/yoast.com\/product\/yoast-seo-wordpress\/ -->\n<title>JamboSurveys | Pla\u0107ene ankete. Najlak\u0161i na\u010din da zaradite novac.<\/title>\n<meta name=\"description\" content=\"JamboSurveys je online anketna plo\u010da na kojoj mo\u017eete polagati pla\u0107ene ankete i zaraditi novac. Prijavite se BESPLATNO i zaradite sa nama.\" \/>\n<meta name=\"robots\" content=\"index, follow, max-snippet:-1, max-image-preview:large, max-video-preview:-1\" \/>\n<link rel=\"canonical\" href=\"https:\/\/www.jambosurveys.com\/bs\/\" \/>\n<meta property=\"og:locale\" content=\"bs_BA\" \/>\n<meta property=\"og:type\" content=\"article\" \/>\n<meta property=\"og:title\" content=\"JamboSurveys | Pla\u0107ene ankete. Najlak\u0161i na\u010din da zaradite novac.\" \/>\n<meta property=\"og:description\" content=\"JamboSurveys je online anketna plo\u010da na kojoj mo\u017eete polagati pla\u0107ene ankete i zaraditi novac. Prijavite se BESPLATNO i zaradite sa nama.\" \/>\n<meta property=\"og:url\" content=\"https:\/\/www.jambosurveys.com\/bs\/\" \/>\n<meta property=\"og:site_name\" content=\"JamboSurveys\" \/>\n<meta property=\"article:publisher\" content=\"https:\/\/www.facebook.com\/jambosurveys\/\" \/>\n<meta property=\"article:modified_time\" content=\"2024-09-18T14:13:54+00:00\" \/>\n<meta property=\"og:image\" content=\"https:\/\/www.jambosurveys.com\/wp-content\/uploads\/2021\/08\/jambosurveys-header.jpg\" \/>\n\t<meta property=\"og:image:width\" content=\"2248\" \/>\n\t<meta property=\"og:image:height\" content=\"1291\" \/>\n\t<meta property=\"og:image:type\" content=\"image\/jpeg\" \/>\n<meta name=\"twitter:card\" content=\"summary_large_image\" \/>\n<script type=\"application\/ld+json\" class=\"yoast-schema-graph\">{\"@context\":\"https:\\\/\\\/schema.org\",\"@graph\":[{\"@type\":\"WebPage\",\"@id\":\"https:\\\/\\\/www.jambosurveys.com\\\/bs\\\/\",\"url\":\"https:\\\/\\\/www.jambosurveys.com\\\/bs\\\/\",\"name\":\"JamboSurveys | Pla\u0107ene ankete. Najlak\u0161i na\u010din da zaradite novac.\",\"isPartOf\":{\"@id\":\"https:\\\/\\\/www.jambosurveys.com\\\/bs\\\/#website\"},\"primaryImageOfPage\":{\"@id\":\"https:\\\/\\\/www.jambosurveys.com\\\/bs\\\/#primaryimage\"},\"image\":{\"@id\":\"https:\\\/\\\/www.jambosurveys.com\\\/bs\\\/#primaryimage\"},\"thumbnailUrl\":\"https:\\\/\\\/www.jambosurveys.com\\\/wp-content\\\/uploads\\\/2021\\\/08\\\/jambosurveys-header.jpg\",\"datePublished\":\"2024-09-18T11:36:46+00:00\",\"dateModified\":\"2024-09-18T14:13:54+00:00\",\"description\":\"JamboSurveys je online anketna plo\u010da na kojoj mo\u017eete polagati pla\u0107ene ankete i zaraditi novac. Prijavite se BESPLATNO i zaradite sa nama.\",\"breadcrumb\":{\"@id\":\"https:\\\/\\\/www.jambosurveys.com\\\/bs\\\/#breadcrumb\"},\"inLanguage\":\"bs-BA\",\"potentialAction\":[{\"@type\":\"ReadAction\",\"target\":[\"https:\\\/\\\/www.jambosurveys.com\\\/bs\\\/\"]}]},{\"@type\":\"ImageObject\",\"inLanguage\":\"bs-BA\",\"@id\":\"https:\\\/\\\/www.jambosurveys.com\\\/bs\\\/#primaryimage\",\"url\":\"https:\\\/\\\/www.jambosurveys.com\\\/wp-content\\\/uploads\\\/2021\\\/08\\\/jambosurveys-header.jpg\",\"contentUrl\":\"https:\\\/\\\/www.jambosurveys.com\\\/wp-content\\\/uploads\\\/2021\\\/08\\\/jambosurveys-header.jpg\",\"width\":2248,\"height\":1291,\"caption\":\"Paid surveys\"},{\"@type\":\"BreadcrumbList\",\"@id\":\"https:\\\/\\\/www.jambosurveys.com\\\/bs\\\/#breadcrumb\",\"itemListElement\":[{\"@type\":\"ListItem\",\"position\":1,\"name\":\"Home\",\"item\":\"https:\\\/\\\/www.jambosurveys.com\\\/bs\\\/dom\\\/\"},{\"@type\":\"ListItem\",\"position\":2,\"name\":\"Dom\"}]},{\"@type\":\"WebSite\",\"@id\":\"https:\\\/\\\/www.jambosurveys.com\\\/bs\\\/#website\",\"url\":\"https:\\\/\\\/www.jambosurveys.com\\\/bs\\\/\",\"name\":\"JamboSurveys\",\"description\":\"Paid surveys\",\"publisher\":{\"@id\":\"https:\\\/\\\/www.jambosurveys.com\\\/bs\\\/#organization\"},\"potentialAction\":[{\"@type\":\"SearchAction\",\"target\":{\"@type\":\"EntryPoint\",\"urlTemplate\":\"https:\\\/\\\/www.jambosurveys.com\\\/bs\\\/?s={search_term_string}\"},\"query-input\":{\"@type\":\"PropertyValueSpecification\",\"valueRequired\":true,\"valueName\":\"search_term_string\"}}],\"inLanguage\":\"bs-BA\"},{\"@type\":\"Organization\",\"@id\":\"https:\\\/\\\/www.jambosurveys.com\\\/bs\\\/#organization\",\"name\":\"JamboSurveys\",\"url\":\"https:\\\/\\\/www.jambosurveys.com\\\/bs\\\/\",\"logo\":{\"@type\":\"ImageObject\",\"inLanguage\":\"bs-BA\",\"@id\":\"https:\\\/\\\/www.jambosurveys.com\\\/bs\\\/#\\\/schema\\\/logo\\\/image\\\/\",\"url\":\"https:\\\/\\\/www.jambosurveys.com\\\/wp-content\\\/uploads\\\/2023\\\/02\\\/jambosurveys_logo_box.png\",\"contentUrl\":\"https:\\\/\\\/www.jambosurveys.com\\\/wp-content\\\/uploads\\\/2023\\\/02\\\/jambosurveys_logo_box.png\",\"width\":105,\"height\":105,\"caption\":\"JamboSurveys\"},\"image\":{\"@id\":\"https:\\\/\\\/www.jambosurveys.com\\\/bs\\\/#\\\/schema\\\/logo\\\/image\\\/\"},\"sameAs\":[\"https:\\\/\\\/www.facebook.com\\\/jambosurveys\\\/\"]}]}<\/script>\n<!-- \/ Yoast SEO plugin. -->","yoast_head_json":{"title":"JamboSurveys | Pla\u0107ene ankete. Najlak\u0161i na\u010din da zaradite novac.","description":"JamboSurveys je online anketna plo\u010da na kojoj mo\u017eete polagati pla\u0107ene ankete i zaraditi novac. Prijavite se BESPLATNO i zaradite sa nama.","robots":{"index":"index","follow":"follow","max-snippet":"max-snippet:-1","max-image-preview":"max-image-preview:large","max-video-preview":"max-video-preview:-1"},"canonical":"https:\/\/www.jambosurveys.com\/bs\/","og_locale":"bs_BA","og_type":"article","og_title":"JamboSurveys | Pla\u0107ene ankete. Najlak\u0161i na\u010din da zaradite novac.","og_description":"JamboSurveys je online anketna plo\u010da na kojoj mo\u017eete polagati pla\u0107ene ankete i zaraditi novac. Prijavite se BESPLATNO i zaradite sa nama.","og_url":"https:\/\/www.jambosurveys.com\/bs\/","og_site_name":"JamboSurveys","article_publisher":"https:\/\/www.facebook.com\/jambosurveys\/","article_modified_time":"2024-09-18T14:13:54+00:00","og_image":[{"width":2248,"height":1291,"url":"https:\/\/www.jambosurveys.com\/wp-content\/uploads\/2021\/08\/jambosurveys-header.jpg","type":"image\/jpeg"}],"twitter_card":"summary_large_image","schema":{"@context":"https:\/\/schema.org","@graph":[{"@type":"WebPage","@id":"https:\/\/www.jambosurveys.com\/bs\/","url":"https:\/\/www.jambosurveys.com\/bs\/","name":"JamboSurveys | Pla\u0107ene ankete. Najlak\u0161i na\u010din da zaradite novac.","isPartOf":{"@id":"https:\/\/www.jambosurveys.com\/bs\/#website"},"primaryImageOfPage":{"@id":"https:\/\/www.jambosurveys.com\/bs\/#primaryimage"},"image":{"@id":"https:\/\/www.jambosurveys.com\/bs\/#primaryimage"},"thumbnailUrl":"https:\/\/www.jambosurveys.com\/wp-content\/uploads\/2021\/08\/jambosurveys-header.jpg","datePublished":"2024-09-18T11:36:46+00:00","dateModified":"2024-09-18T14:13:54+00:00","description":"JamboSurveys je online anketna plo\u010da na kojoj mo\u017eete polagati pla\u0107ene ankete i zaraditi novac. Prijavite se BESPLATNO i zaradite sa nama.","breadcrumb":{"@id":"https:\/\/www.jambosurveys.com\/bs\/#breadcrumb"},"inLanguage":"bs-BA","potentialAction":[{"@type":"ReadAction","target":["https:\/\/www.jambosurveys.com\/bs\/"]}]},{"@type":"ImageObject","inLanguage":"bs-BA","@id":"https:\/\/www.jambosurveys.com\/bs\/#primaryimage","url":"https:\/\/www.jambosurveys.com\/wp-content\/uploads\/2021\/08\/jambosurveys-header.jpg","contentUrl":"https:\/\/www.jambosurveys.com\/wp-content\/uploads\/2021\/08\/jambosurveys-header.jpg","width":2248,"height":1291,"caption":"Paid surveys"},{"@type":"BreadcrumbList","@id":"https:\/\/www.jambosurveys.com\/bs\/#breadcrumb","itemListElement":[{"@type":"ListItem","position":1,"name":"Home","item":"https:\/\/www.jambosurveys.com\/bs\/dom\/"},{"@type":"ListItem","position":2,"name":"Dom"}]},{"@type":"WebSite","@id":"https:\/\/www.jambosurveys.com\/bs\/#website","url":"https:\/\/www.jambosurveys.com\/bs\/","name":"JamboSurveys","description":"Paid surveys","publisher":{"@id":"https:\/\/www.jambosurveys.com\/bs\/#organization"},"potentialAction":[{"@type":"SearchAction","target":{"@type":"EntryPoint","urlTemplate":"https:\/\/www.jambosurveys.com\/bs\/?s={search_term_string}"},"query-input":{"@type":"PropertyValueSpecification","valueRequired":true,"valueName":"search_term_string"}}],"inLanguage":"bs-BA"},{"@type":"Organization","@id":"https:\/\/www.jambosurveys.com\/bs\/#organization","name":"JamboSurveys","url":"https:\/\/www.jambosurveys.com\/bs\/","logo":{"@type":"ImageObject","inLanguage":"bs-BA","@id":"https:\/\/www.jambosurveys.com\/bs\/#\/schema\/logo\/image\/","url":"https:\/\/www.jambosurveys.com\/wp-content\/uploads\/2023\/02\/jambosurveys_logo_box.png","contentUrl":"https:\/\/www.jambosurveys.com\/wp-content\/uploads\/2023\/02\/jambosurveys_logo_box.png","width":105,"height":105,"caption":"JamboSurveys"},"image":{"@id":"https:\/\/www.jambosurveys.com\/bs\/#\/schema\/logo\/image\/"},"sameAs":["https:\/\/www.facebook.com\/jambosurveys\/"]}]}},"_links":{"self":[{"href":"https:\/\/www.jambosurveys.com\/bs\/wp-json\/wp\/v2\/pages\/554","targetHints":{"allow":["GET"]}}],"collection":[{"href":"https:\/\/www.jambosurveys.com\/bs\/wp-json\/wp\/v2\/pages"}],"about":[{"href":"https:\/\/www.jambosurveys.com\/bs\/wp-json\/wp\/v2\/types\/page"}],"author":[{"embeddable":true,"href":"https:\/\/www.jambosurveys.com\/bs\/wp-json\/wp\/v2\/users\/1"}],"replies":[{"embeddable":true,"href":"https:\/\/www.jambosurveys.com\/bs\/wp-json\/wp\/v2\/comments?post=554"}],"version-history":[{"count":0,"href":"https:\/\/www.jambosurveys.com\/bs\/wp-json\/wp\/v2\/pages\/554\/revisions"}],"wp:featuredmedia":[{"embeddable":true,"href":"https:\/\/www.jambosurveys.com\/bs\/wp-json\/wp\/v2\/media\/555"}],"wp:attachment":[{"href":"https:\/\/www.jambosurveys.com\/bs\/wp-json\/wp\/v2\/media?parent=554"}],"curies":[{"name":"wp","href":"https:\/\/api.w.org\/{rel}","templated":true}]}}